{"id":721,"date":"2019-10-28T21:18:06","date_gmt":"2019-10-28T20:18:06","guid":{"rendered":"https:\/\/www.claudiatschuggnall.at\/tubz\/?page_id=721"},"modified":"2020-08-26T13:20:56","modified_gmt":"2020-08-26T11:20:56","slug":"anmeldung","status":"publish","type":"page","link":"https:\/\/www.claudiatschuggnall.at\/tubz\/anmeldung\/","title":{"rendered":"Anmeldung"},"content":{"rendered":"<div data-colibri-id=\"721-c1\" class=\"style-802 style-local-721-c1 position-relative\">\n  <!---->\n  <div data-colibri-component=\"section\" data-colibri-id=\"721-c2\" id=\"custom-2\" class=\"h-section h-section-global-spacing d-flex align-items-lg-center align-items-md-center align-items-center style-908 style-local-721-c2 position-relative\">\n    <!---->\n    <!---->\n    <div class=\"h-section-grid-container h-section-boxed-container\">\n      <!---->\n      <div data-colibri-id=\"721-c3\" class=\"h-row-container gutters-row-lg-2 gutters-row-md-2 gutters-row-0 gutters-row-v-lg-2 gutters-row-v-md-2 gutters-row-v-2 style-911 style-local-721-c3 position-relative\">\n        <!---->\n        <div class=\"h-row justify-content-lg-center justify-content-md-center justify-content-center align-items-lg-stretch align-items-md-stretch align-items-stretch gutters-col-lg-2 gutters-col-md-2 gutters-col-0 gutters-col-v-lg-2 gutters-col-v-md-2 gutters-col-v-2\">\n          <!---->\n          <div class=\"h-column h-column-container d-flex h-col-lg-auto h-col-md-auto h-col-auto style-912-outer style-local-721-c4-outer\">\n            <div data-colibri-id=\"721-c4\" class=\"d-flex h-flex-basis h-column__inner h-px-lg-2 h-px-md-2 h-px-2 v-inner-lg-2 v-inner-md-2 v-inner-2 style-912 style-local-721-c4 position-relative\">\n              <!---->\n              <!---->\n              <div class=\"w-100 h-y-container h-column__content h-column__v-align flex-basis-100 align-self-lg-start align-self-md-start align-self-start\">\n                <!---->\n                <div data-colibri-id=\"721-c5\" class=\"h-text h-text-component style-913 style-local-721-c5 position-relative h-element\">\n                  <!---->\n                  <!---->\n                  <div class=\"\">\n                    <p>Einfach und problemlos: Melden Sie sich hier f\u00fcr Kurse im kommenden Semester an!<\/p>\n                  <\/div>\n                <\/div>\n              <\/div>\n            <\/div>\n          <\/div>\n        <\/div>\n      <\/div>\n    <\/div>\n  <\/div>\n  <div data-colibri-component=\"section\" data-colibri-id=\"721-c6\" id=\"custom\" class=\"h-section h-section-global-spacing d-flex align-items-lg-center align-items-md-center align-items-center style-803 style-local-721-c6 position-relative\">\n    <!---->\n    <!---->\n    <div class=\"h-section-grid-container h-section-boxed-container\">\n      <!---->\n      <div data-colibri-id=\"721-c7\" class=\"h-row-container gutters-row-lg-2 gutters-row-md-2 gutters-row-0 gutters-row-v-lg-2 gutters-row-v-md-2 gutters-row-v-2 style-804 style-local-721-c7 position-relative\">\n        <!---->\n        <div class=\"h-row justify-content-lg-center justify-content-md-center justify-content-center align-items-lg-stretch align-items-md-stretch align-items-stretch gutters-col-lg-2 gutters-col-md-2 gutters-col-0 gutters-col-v-lg-2 gutters-col-v-md-2 gutters-col-v-2\">\n          <!---->\n          <div class=\"h-column h-column-container d-flex h-col-lg-auto h-col-md-auto h-col-auto style-805-outer style-local-721-c8-outer\">\n            <div data-colibri-id=\"721-c8\" class=\"d-flex h-flex-basis h-column__inner h-px-lg-2 h-px-md-2 h-px-2 v-inner-lg-2 v-inner-md-2 v-inner-2 style-805 style-local-721-c8 position-relative\">\n              <!---->\n              <!---->\n              <div class=\"w-100 h-y-container h-column__content h-column__v-align flex-basis-100 align-self-lg-start align-self-md-start align-self-start\">\n                <!---->\n                <div data-colibri-id=\"721-c9\" class=\"style-807 style-local-721-c9 position-relative h-element\">\n                  <!---->\n                  <div class=\"h-global-transition-all h-global-transition h-global-transition-all h-contact-form-shortcode\">\n<div class=\"wpcf7 no-js\" id=\"wpcf7-f1100-o1\" lang=\"de-DE\" dir=\"ltr\">\n<div class=\"screen-reader-response\"><p role=\"status\" aria-live=\"polite\" aria-atomic=\"true\"><\/p> <ul><\/ul><\/div>\n<form action=\"https:\/\/claudiatschuggnall.at\/tubz\/scripts\/process.php\" method=\"post\" class=\"wpcf7-form init wpcf7-acceptance-as-validation\" aria-label=\"Kontaktformular\" novalidate=\"novalidate\" data-status=\"init\">\n<div style=\"display: none;\">\n<input type=\"hidden\" name=\"_wpcf7\" value=\"1100\" \/>\n<input type=\"hidden\" name=\"_wpcf7_version\" value=\"5.8.7\" \/>\n<input type=\"hidden\" name=\"_wpcf7_locale\" value=\"de_DE\" \/>\n<input type=\"hidden\" name=\"_wpcf7_unit_tag\" value=\"wpcf7-f1100-o1\" \/>\n<input type=\"hidden\" name=\"_wpcf7_container_post\" value=\"0\" \/>\n<input type=\"hidden\" name=\"_wpcf7_posted_data_hash\" value=\"\" \/>\n<\/div>\n<p><label> <b>Vorname<\/b><br \/>\n<span class=\"wpcf7-form-control-wrap\" data-name=\"firstname\"><input size=\"40\" class=\"wpcf7-form-control wpcf7-text wpcf7-validates-as-required\" aria-required=\"true\" aria-invalid=\"false\" value=\"\" type=\"text\" name=\"firstname\" \/><\/span> <\/label>\n<\/p>\n<p><label> <b>Nachname<\/b><br \/>\n<span class=\"wpcf7-form-control-wrap\" data-name=\"lastname\"><input size=\"40\" class=\"wpcf7-form-control wpcf7-text wpcf7-validates-as-required\" aria-required=\"true\" aria-invalid=\"false\" value=\"\" type=\"text\" name=\"lastname\" \/><\/span> <\/label>\n<\/p>\n<p><label> <b>Geburtsdatum<\/b><\/label>\n<\/p>\n<table>\n\t<tr>\n\t\t<td>\n\t\t\t<p><span class=\"wpcf7-form-control-wrap\" data-name=\"birthday_day\"><select class=\"wpcf7-form-control wpcf7-select wpcf7-validates-as-required\" aria-required=\"true\" aria-invalid=\"false\" name=\"birthday_day\"><option value=\"\">Tag<\/option><option value=\"01\">1.<\/option><option value=\"02\">2.<\/option><option value=\"03\">3.<\/option><option value=\"04\">4.<\/option><option value=\"05\">5.<\/option><option value=\"06\">6.<\/option><option value=\"07\">7.<\/option><option value=\"08\">8.<\/option><option value=\"09\">9.<\/option><option value=\"10\">10.<\/option><option value=\"11\">11.<\/option><option value=\"12\">12.<\/option><option value=\"13\">13.<\/option><option value=\"14\">14.<\/option><option value=\"15\">15.<\/option><option value=\"16\">16.<\/option><option value=\"17\">17.<\/option><option value=\"18\">18.<\/option><option value=\"19\">19.<\/option><option value=\"20\">20.<\/option><option value=\"21\">21.<\/option><option value=\"22\">22.<\/option><option value=\"23\">23.<\/option><option value=\"24\">24.<\/option><option value=\"25\">25.<\/option><option value=\"26\">26.<\/option><option value=\"27\">27.<\/option><option value=\"28\">28.<\/option><option value=\"29\">29.<\/option><option value=\"30\">30.<\/option><option value=\"31\">31.<\/option><\/select><\/span>\n\t\t\t<\/p>\n\t\t<\/td>\n\t\t<td>\n\t\t\t<p><span class=\"wpcf7-form-control-wrap\" data-name=\"birthday_month\"><select class=\"wpcf7-form-control wpcf7-select wpcf7-validates-as-required\" aria-required=\"true\" aria-invalid=\"false\" name=\"birthday_month\"><option value=\"\">Monat<\/option><option value=\"01\">J\u00e4nner<\/option><option value=\"02\">Februar<\/option><option value=\"03\">M\u00e4rz<\/option><option value=\"04\">April<\/option><option value=\"05\">Mai<\/option><option value=\"06\">Juni<\/option><option value=\"07\">Juli<\/option><option value=\"08\">August<\/option><option value=\"09\">September<\/option><option value=\"10\">Oktober<\/option><option value=\"11\">November<\/option><option value=\"12\">Dezember<\/option><\/select><\/span>\n\t\t\t<\/p>\n\t\t<\/td>\n\t\t<td>\n\t\t\t<p><span class=\"wpcf7-form-control-wrap\" data-name=\"birthday_year\"><select class=\"wpcf7-form-control wpcf7-select wpcf7-validates-as-required\" aria-required=\"true\" aria-invalid=\"false\" name=\"birthday_year\"><option value=\"\">Jahr<\/option><option value=\"2024\">2024<\/option><option value=\"2023\">2023<\/option><option value=\"2022\">2022<\/option><option value=\"2021\">2021<\/option><option value=\"2020\">2020<\/option><option value=\"2019\">2019<\/option><option value=\"2018\">2018<\/option><option value=\"2017\">2017<\/option><option value=\"2016\">2016<\/option><option value=\"2015\">2015<\/option><option value=\"2014\">2014<\/option><option value=\"2013\">2013<\/option><option value=\"2012\">2012<\/option><option value=\"2011\">2011<\/option><option value=\"2010\">2010<\/option><option value=\"2009\">2009<\/option><option value=\"2008\">2008<\/option><option value=\"2007\">2007<\/option><option value=\"2006\">2006<\/option><option value=\"2005\">2005<\/option><option value=\"2004\">2004<\/option><option value=\"2003\">2003<\/option><option value=\"2002\">2002<\/option><option value=\"2001\">2001<\/option><option value=\"2000\">2000<\/option><option value=\"1999\">1999<\/option><option value=\"1998\">1998<\/option><option value=\"1997\">1997<\/option><option value=\"1996\">1996<\/option><option value=\"1995\">1995<\/option><option value=\"1994\">1994<\/option><option value=\"1993\">1993<\/option><option value=\"1992\">1992<\/option><option value=\"1991\">1991<\/option><option value=\"1990\">1990<\/option><option value=\"1989\">1989<\/option><option value=\"1988\">1988<\/option><option value=\"1987\">1987<\/option><option value=\"1986\">1986<\/option><option value=\"1985\">1985<\/option><option value=\"1984\">1984<\/option><option value=\"1983\">1983<\/option><option value=\"1982\">1982<\/option><option value=\"1981\">1981<\/option><option value=\"1980\">1980<\/option><option value=\"1979\">1979<\/option><option value=\"1978\">1978<\/option><option value=\"1977\">1977<\/option><option value=\"1976\">1976<\/option><option value=\"1975\">1975<\/option><option value=\"1974\">1974<\/option><option value=\"1973\">1973<\/option><option value=\"1972\">1972<\/option><option value=\"1971\">1971<\/option><option value=\"1970\">1970<\/option><option value=\"1969\">1969<\/option><option value=\"1968\">1968<\/option><option value=\"1967\">1967<\/option><option value=\"1966\">1966<\/option><option value=\"1965\">1965<\/option><option value=\"1964\">1964<\/option><option value=\"1963\">1963<\/option><option value=\"1962\">1962<\/option><option value=\"1961\">1961<\/option><option value=\"1960\">1960<\/option><option value=\"1959\">1959<\/option><option value=\"1958\">1958<\/option><option value=\"1957\">1957<\/option><option value=\"1956\">1956<\/option><option value=\"1955\">1955<\/option><option value=\"1954\">1954<\/option><option value=\"1953\">1953<\/option><option value=\"1952\">1952<\/option><option value=\"1951\">1951<\/option><option value=\"1950\">1950<\/option><option value=\"1949\">1949<\/option><option value=\"1948\">1948<\/option><option value=\"1947\">1947<\/option><option value=\"1946\">1946<\/option><option value=\"1945\">1945<\/option><option value=\"1944\">1944<\/option><option value=\"1943\">1943<\/option><option value=\"1942\">1942<\/option><option value=\"1941\">1941<\/option><option value=\"1940\">1940<\/option><\/select><\/span>\n\t\t\t<\/p>\n\t\t<\/td>\n\t<\/tr>\n<\/table>\n<p><label> <b>Stra\u00dfe<\/b><br \/>\n<span class=\"wpcf7-form-control-wrap\" data-name=\"street\"><input size=\"40\" class=\"wpcf7-form-control wpcf7-text wpcf7-validates-as-required\" aria-required=\"true\" aria-invalid=\"false\" value=\"\" type=\"text\" name=\"street\" \/><\/span> <\/label>\n<\/p>\n<p><label> <b>PLZ<\/b><br \/>\n<span class=\"wpcf7-form-control-wrap\" data-name=\"zip\"><input size=\"40\" class=\"wpcf7-form-control wpcf7-text wpcf7-validates-as-required\" aria-required=\"true\" aria-invalid=\"false\" value=\"\" type=\"text\" name=\"zip\" \/><\/span> <\/label>\n<\/p>\n<p><label> <b>Ort<\/b><br \/>\n<span class=\"wpcf7-form-control-wrap\" data-name=\"town\"><input size=\"40\" class=\"wpcf7-form-control wpcf7-text wpcf7-validates-as-required\" aria-required=\"true\" aria-invalid=\"false\" value=\"\" type=\"text\" name=\"town\" \/><\/span> <\/label>\n<\/p>\n<p><label> E-Mail<br \/>\n<span class=\"wpcf7-form-control-wrap\" data-name=\"email\"><input size=\"40\" class=\"wpcf7-form-control wpcf7-email wpcf7-text wpcf7-validates-as-email\" aria-invalid=\"false\" value=\"\" type=\"email\" name=\"email\" \/><\/span><\/label>\n<\/p>\n<p><label> <b>Telefon<\/b> <span class=\"wpcf7-form-control-wrap\" data-name=\"tel\"><input size=\"40\" class=\"wpcf7-form-control wpcf7-text wpcf7-validates-as-required\" aria-required=\"true\" aria-invalid=\"false\" value=\"\" type=\"text\" name=\"tel\" \/><\/span> <\/label>\n<\/p>\n<p><label> Kurse:<br \/>\n<span class=\"wpcf7-form-control-wrap\" data-name=\"course1\"><select class=\"wpcf7-form-control wpcf7-select\" aria-invalid=\"false\" name=\"course1\"><option value=\"\">&#8211; Bitte ausw\u00e4hlen &#8211;<\/option><option value=\"3359\">Breakdance, Do 15.00-16.00 <\/option><option value=\"4388\">Dance-Mix Mieming (5er-Block), Fr 16.00-17.00 <\/option><option value=\"3358\">Dance-Mix Oberperfu\u00df, Do 16.00-17.00 <\/option><option value=\"1322\">Dance-Mix Rietz, Di 17.00-18.00 <\/option><option value=\"1\">Jazz-Dance, Fr 15.30-16.30 <\/option><option value=\"40\">Jazz-Dance Erwachsene, Mi 19.30-20.30 <\/option><option value=\"18\">Jazz-Dance-Hip-Hop-Kombi, Fr 17.00-18.00 <\/option><option value=\"12\">Junior-Dance, Mo 14.30-15.30 <\/option><option value=\"25\">Mini-Ballett, Mo 15.30-16.30 <\/option><option value=\"1329\">Mini-Breakdance, Di 14.30-15.30 <\/option><option value=\"4387\">Mini-Dance Mieming (5er-Block), Fr 15.00-16.00 <\/option><option value=\"3357\">Mini-Dance Oberperfu\u00df, Do 15.00-16.00 <\/option><option value=\"2\">Mini-Dance Rietz, Di 16.00-17.00 <\/option><option value=\"4365\">Winter-\/Sommerfit (A), Mo 19.30-20.00 <\/option><option value=\"4366\">Winter-\/Sommerfit (B), Di 20.30-21.00 <\/option><option value=\"4363\">Zumba (A), Mo 18.30-19.30 <\/option><option value=\"4364\">Zumba (B), Di 19.30-20.30 <\/option><\/select><\/span> <\/label><span class=\"wpcf7-form-control-wrap\" data-name=\"course2\"><select class=\"wpcf7-form-control wpcf7-select\" id=\"course2_select\" aria-invalid=\"false\" name=\"course2\"><option value=\"\">&#8211; Bitte ausw\u00e4hlen &#8211;<\/option><option value=\"3359\">Breakdance, Do 15.00-16.00 <\/option><option value=\"4388\">Dance-Mix Mieming (5er-Block), Fr 16.00-17.00 <\/option><option value=\"3358\">Dance-Mix Oberperfu\u00df, Do 16.00-17.00 <\/option><option value=\"1322\">Dance-Mix Rietz, Di 17.00-18.00 <\/option><option value=\"1\">Jazz-Dance, Fr 15.30-16.30 <\/option><option value=\"40\">Jazz-Dance Erwachsene, Mi 19.30-20.30 <\/option><option value=\"18\">Jazz-Dance-Hip-Hop-Kombi, Fr 17.00-18.00 <\/option><option value=\"12\">Junior-Dance, Mo 14.30-15.30 <\/option><option value=\"25\">Mini-Ballett, Mo 15.30-16.30 <\/option><option value=\"1329\">Mini-Breakdance, Di 14.30-15.30 <\/option><option value=\"4387\">Mini-Dance Mieming (5er-Block), Fr 15.00-16.00 <\/option><option value=\"3357\">Mini-Dance Oberperfu\u00df, Do 15.00-16.00 <\/option><option value=\"2\">Mini-Dance Rietz, Di 16.00-17.00 <\/option><option value=\"4365\">Winter-\/Sommerfit (A), Mo 19.30-20.00 <\/option><option value=\"4366\">Winter-\/Sommerfit (B), Di 20.30-21.00 <\/option><option value=\"4363\">Zumba (A), Mo 18.30-19.30 <\/option><option value=\"4364\">Zumba (B), Di 19.30-20.30 <\/option><\/select><\/span>\n<\/p>\n<div style=\"height: 20px\">\n<\/div>\n<p><label><b>AGB und DSGVO<\/b><\/label><span class=\"wpcf7-form-control-wrap\" data-name=\"acceptance-350\"><span class=\"wpcf7-form-control wpcf7-acceptance\"><span class=\"wpcf7-list-item\"><label><input type=\"checkbox\" name=\"acceptance-350\" value=\"1\" aria-invalid=\"false\" \/><span class=\"wpcf7-list-item-label\">Ich habe die <a href=\"..\/agb\/\" target=\"_blank\" rel=\"noopener\">Allgemeinen Gesch\u00e4ftsbedingungen<\/a> gelesen und akzeptiere diese.<\/span><\/label><\/span><\/span><\/span><br \/>\n<span class=\"wpcf7-form-control-wrap\" data-name=\"acceptance-351\"><span class=\"wpcf7-form-control wpcf7-acceptance\"><span class=\"wpcf7-list-item\"><label><input type=\"checkbox\" name=\"acceptance-351\" value=\"1\" aria-invalid=\"false\" \/><span class=\"wpcf7-list-item-label\">Ich erkl\u00e4re mich damit einverstanden, dass meine hier angegebenen Daten (ausschlie\u00dflich) zu folgenden Zwecken verwendet werden: Berechnung von Erm\u00e4\u00dfigungen (Geburtsdatum), Ank\u00fcndigung wichtiger Mitteilungen (E-Mail, Tel.), Versand von Zahlungserinnerungen (Adresse). S\u00e4mtliche Daten k\u00f6nnen nach Ablauf des Semesters auf Wunsch gel\u00f6scht werden.<\/span><\/label><\/span><\/span><\/span>\n<\/p>\n<div style=\"height: 50px\">\n<\/div>\n<p><label> <b>Sicherheits\u00fcberpr\u00fcfung: 17 plus 3 = ?<\/b><br \/>\n<span class=\"wpcf7-form-control-wrap\" data-name=\"code\"><input size=\"40\" class=\"wpcf7-form-control wpcf7-text wpcf7-validates-as-required\" aria-required=\"true\" aria-invalid=\"false\" value=\"\" type=\"text\" name=\"code\" \/><\/span> <\/label><br \/>\n<input class=\"wpcf7-form-control wpcf7-submit has-spinner\" type=\"submit\" value=\"Anmeldung abschicken\" \/>\n<\/p><div class=\"wpcf7-response-output\" aria-hidden=\"true\"><\/div>\n<\/form>\n<\/div>\n<\/div>\n                <\/div>\n              <\/div>\n            <\/div>\n          <\/div>\n        <\/div>\n      <\/div>\n    <\/div>\n  <\/div>\n<\/div>","protected":false},"excerpt":{"rendered":"<p>Einfach und problemlos: Melden Sie sich hier f\u00fcr Kurse im kommenden Semester an!<\/p>\n","protected":false},"author":1,"featured_media":0,"parent":0,"menu_order":0,"comment_status":"closed","ping_status":"closed","template":"page-templates\/full-width-page.php","meta":{"footnotes":""},"_links":{"self":[{"href":"https:\/\/www.claudiatschuggnall.at\/tubz\/wp-json\/wp\/v2\/pages\/721"}],"collection":[{"href":"https:\/\/www.claudiatschuggnall.at\/tubz\/wp-json\/wp\/v2\/pages"}],"about":[{"href":"https:\/\/www.claudiatschuggnall.at\/tubz\/wp-json\/wp\/v2\/types\/page"}],"author":[{"embeddable":true,"href":"https:\/\/www.claudiatschuggnall.at\/tubz\/wp-json\/wp\/v2\/users\/1"}],"replies":[{"embeddable":true,"href":"https:\/\/www.claudiatschuggnall.at\/tubz\/wp-json\/wp\/v2\/comments?post=721"}],"version-history":[{"count":5,"href":"https:\/\/www.claudiatschuggnall.at\/tubz\/wp-json\/wp\/v2\/pages\/721\/revisions"}],"predecessor-version":[{"id":1103,"href":"https:\/\/www.claudiatschuggnall.at\/tubz\/wp-json\/wp\/v2\/pages\/721\/revisions\/1103"}],"wp:attachment":[{"href":"https:\/\/www.claudiatschuggnall.at\/tubz\/wp-json\/wp\/v2\/media?parent=721"}],"curies":[{"name":"wp","href":"https:\/\/api.w.org\/{rel}","templated":true}]}}