{"id":473,"date":"2019-10-25T13:52:47","date_gmt":"2019-10-25T11:52:47","guid":{"rendered":"https:\/\/www.claudiatschuggnall.at\/tubz\/?page_id=473"},"modified":"2025-08-21T17:11:47","modified_gmt":"2025-08-21T15:11:47","slug":"agb","status":"publish","type":"page","link":"https:\/\/www.claudiatschuggnall.at\/tubz\/agb\/","title":{"rendered":"Allgemeine Gesch\u00e4ftsbedingungen"},"content":{"rendered":"<div data-colibri-id=\"473-c1\" class=\"style-621 style-local-473-c1 position-relative\">\n  <!---->\n  <div data-colibri-component=\"section\" data-colibri-id=\"473-c2\" id=\"custom\" class=\"h-section h-section-global-spacing d-flex align-items-lg-center align-items-md-center align-items-center style-751 style-local-473-c2 position-relative\">\n    <!---->\n    <!---->\n    <div class=\"h-section-grid-container h-section-boxed-container\">\n      <!---->\n      <div data-colibri-id=\"473-c3\" class=\"h-row-container gutters-row-lg-2 gutters-row-md-2 gutters-row-0 gutters-row-v-lg-2 gutters-row-v-md-2 gutters-row-v-2 style-754 style-local-473-c3 position-relative\">\n        <!---->\n        <div class=\"h-row justify-content-lg-center justify-content-md-center justify-content-center align-items-lg-stretch align-items-md-stretch align-items-stretch gutters-col-lg-2 gutters-col-md-2 gutters-col-0 gutters-col-v-lg-2 gutters-col-v-md-2 gutters-col-v-2\">\n          <!---->\n          <div class=\"h-column h-column-container d-flex h-col-lg-auto h-col-md-auto h-col-auto style-755-outer style-local-473-c4-outer\">\n            <div data-colibri-id=\"473-c4\" class=\"d-flex h-flex-basis h-column__inner h-px-lg-2 h-px-md-2 h-px-2 v-inner-lg-2 v-inner-md-2 v-inner-2 style-755 style-local-473-c4 position-relative\">\n              <!---->\n              <!---->\n              <div class=\"w-100 h-y-container h-column__content h-column__v-align flex-basis-100 align-self-lg-start align-self-md-start align-self-start\">\n                <!---->\n                <div data-colibri-id=\"473-c5\" class=\"h-global-transition-all h-heading style-756 style-local-473-c5 position-relative h-element\">\n                  <!---->\n                  <div class=\"h-heading__outer style-756 style-local-473-c5\">\n                    <!---->\n                    <!---->\n                    <h3 class=\"\">Allgemeine Gesch\u00e4ftsbedingungen (AGB) des Tanz- und Bewegungszentrums Claudia Tschuggnall<\/h3>\n                  <\/div>\n                <\/div>\n              <\/div>\n            <\/div>\n          <\/div>\n        <\/div>\n      <\/div>\n      <div data-colibri-id=\"473-c6\" class=\"h-row-container gutters-row-lg-2 gutters-row-md-2 gutters-row-0 gutters-row-v-lg-2 gutters-row-v-md-2 gutters-row-v-2 style-752 style-local-473-c6 position-relative\">\n        <!---->\n        <div class=\"h-row justify-content-lg-center justify-content-md-center justify-content-center align-items-lg-stretch align-items-md-stretch align-items-stretch gutters-col-lg-2 gutters-col-md-2 gutters-col-0 gutters-col-v-lg-2 gutters-col-v-md-2 gutters-col-v-2\">\n          <!---->\n          <div class=\"h-column h-column-container d-flex h-col-lg-auto h-col-md-auto h-col-auto style-753-outer style-local-473-c7-outer\">\n            <div data-colibri-id=\"473-c7\" class=\"d-flex h-flex-basis h-column__inner h-px-lg-2 h-px-md-2 h-px-2 v-inner-lg-2 v-inner-md-2 v-inner-2 style-753 style-local-473-c7 position-relative\">\n              <!---->\n              <!---->\n              <div class=\"w-100 h-y-container h-column__content h-column__v-align flex-basis-100 align-self-lg-start align-self-md-start align-self-start\">\n                <!---->\n                <div data-colibri-id=\"473-c8\" class=\"h-text h-text-component style-757 style-local-473-c8 position-relative h-element\">\n                  <!---->\n                  <!---->\n                  <div class=\"\">\n                    <p>Kursteilnehmer entrichten bei Vertragsabschluss den gesamten Kursbeitrag bezogen auf die jeweils g\u00fcltige Preisliste f\u00fcr 1 Semester Tanzunterricht im Voraus.<\/p>\n                  <\/div>\n                <\/div>\n                <div data-colibri-id=\"473-c9\" class=\"h-divider style-780 style-local-473-c9 position-relative h-element\">\n                  <!----><span class=\"h-divider__line style-780-line style-local-473-c9-line style-780-line style-local-473-c9-line\"><\/span> <span class=\"h-svg-icon h-divider__icon style-780-icon style-local-473-c9-icon\"><!--Icon by Font Awesome (https:\/\/fontawesome.com)--><svg version=\"1.1\" xmlns=\"http:\/\/www.w3.org\/2000\/svg\" xmlns:xlink=\"http:\/\/www.w3.org\/1999\/xlink\" id=\"star\" viewBox=\"0 0 1664 1896.0833\"><path d=\"M1664 647q0 22-26 48l-363 354 86 500q1 7 1 20 0 21-10.5 35.5T1321 1619q-19 0-40-12l-449-236-449 236q-22 12-40 12-21 0-31.5-14.5T301 1569q0-6 2-20l86-500L25 695Q0 668 0 647q0-37 56-46l502-73L783 73q19-41 49-41t49 41l225 455 502 73q56 9 56 46z\"><\/path><\/svg><\/span>                  <span class=\"h-divider__line style-780-line style-local-473-c9-line style-780-line style-local-473-c9-line\"><\/span><\/div>\n                <div data-colibri-id=\"473-c10\" class=\"h-text h-text-component style-781 style-local-473-c10 position-relative h-element\">\n                  <!---->\n                  <!---->\n                  <div class=\"\">\n                    <p><span style=\"font-size: 16px; font-family: &quot;Open Sans&quot;; color: rgb(64, 85, 169);\">Die einzelnen Unterrichtstunden finden 15x mal pro Semester statt und werden w\u00f6chentlich abgehalten. Sollte ein Kursteilnehmer an der Teilnahme verhindert sein, so besteht kein Anspruch auf R\u00fcckverg\u00fctung.<\/span><\/p>\n                  <\/div>\n                <\/div>\n                <div data-colibri-id=\"473-c11\" class=\"h-divider style-759 style-local-473-c11 position-relative h-element\">\n                  <!----><span class=\"h-divider__line style-759-line style-local-473-c11-line style-759-line style-local-473-c11-line\"><\/span> <span class=\"h-svg-icon h-divider__icon style-759-icon style-local-473-c11-icon\"><!--Icon by Font Awesome (https:\/\/fontawesome.com)--><svg version=\"1.1\" xmlns=\"http:\/\/www.w3.org\/2000\/svg\" xmlns:xlink=\"http:\/\/www.w3.org\/1999\/xlink\" id=\"star\" viewBox=\"0 0 1664 1896.0833\"><path d=\"M1664 647q0 22-26 48l-363 354 86 500q1 7 1 20 0 21-10.5 35.5T1321 1619q-19 0-40-12l-449-236-449 236q-22 12-40 12-21 0-31.5-14.5T301 1569q0-6 2-20l86-500L25 695Q0 668 0 647q0-37 56-46l502-73L783 73q19-41 49-41t49 41l225 455 502 73q56 9 56 46z\"><\/path><\/svg><\/span>                  <span class=\"h-divider__line style-759-line style-local-473-c11-line style-759-line style-local-473-c11-line\"><\/span><\/div>\n                <div data-colibri-id=\"473-c12\" class=\"h-text h-text-component style-763 style-local-473-c12 position-relative h-element\">\n                  <!---->\n                  <!---->\n                  <div class=\"\">\n                    <p><span style=\"font-size: 16px; font-family: &quot;Open Sans&quot;; color: rgb(64, 85, 169);\">F\u00fcr den Fall, dass eine Unterrichtseinheit ausf\u00e4llt, wird versucht, die entfallene Unterrichtseinheit zu einem sp\u00e4teren Zeitpunkt nachzuholen. Der Kursleiter wird bei der Terminwahl f\u00fcr die Ersatzstunde im Rahmen der organisatorischen M\u00f6glichkeiten auf die W\u00fcnsche der Kursteilnehmer R\u00fccksicht nehmen, ist dazu aber nicht verpflichtet.<\/span><\/p>\n                  <\/div>\n                <\/div>\n                <div data-colibri-id=\"473-c13\" class=\"h-divider style-765 style-local-473-c13 position-relative h-element\">\n                  <!----><span class=\"h-divider__line style-765-line style-local-473-c13-line style-765-line style-local-473-c13-line\"><\/span> <span class=\"h-svg-icon h-divider__icon style-765-icon style-local-473-c13-icon\"><!--Icon by Font Awesome (https:\/\/fontawesome.com)--><svg version=\"1.1\" xmlns=\"http:\/\/www.w3.org\/2000\/svg\" xmlns:xlink=\"http:\/\/www.w3.org\/1999\/xlink\" id=\"star\" viewBox=\"0 0 1664 1896.0833\"><path d=\"M1664 647q0 22-26 48l-363 354 86 500q1 7 1 20 0 21-10.5 35.5T1321 1619q-19 0-40-12l-449-236-449 236q-22 12-40 12-21 0-31.5-14.5T301 1569q0-6 2-20l86-500L25 695Q0 668 0 647q0-37 56-46l502-73L783 73q19-41 49-41t49 41l225 455 502 73q56 9 56 46z\"><\/path><\/svg><\/span>                  <span class=\"h-divider__line style-765-line style-local-473-c13-line style-765-line style-local-473-c13-line\"><\/span><\/div>\n                <div data-colibri-id=\"473-c14\" class=\"h-text h-text-component style-766 style-local-473-c14 position-relative h-element\">\n                  <!---->\n                  <!---->\n                  <div class=\"\">\n                    <p><span style=\"font-size: 16px; font-family: &quot;Open Sans&quot;; color: rgb(64, 85, 169);\">Bei Abmeldung oder R\u00fccktritt von einem Kurs erfolgt keine R\u00fcckerstattung sondern wird eine Gutschrift f\u00fcr einen sp\u00e4teren Besuch eines Kurses im Tanz- und Bewegungszentrum Claudia Tschuggnall gew\u00e4hrt. Barauszahlungen sind nicht m\u00f6glich.<\/span><\/p>\n                  <\/div>\n                <\/div>\n                <div data-colibri-id=\"473-c15\" class=\"h-divider style-768 style-local-473-c15 position-relative h-element\">\n                  <!----><span class=\"h-divider__line style-768-line style-local-473-c15-line style-768-line style-local-473-c15-line\"><\/span> <span class=\"h-svg-icon h-divider__icon style-768-icon style-local-473-c15-icon\"><!--Icon by Font Awesome (https:\/\/fontawesome.com)--><svg version=\"1.1\" xmlns=\"http:\/\/www.w3.org\/2000\/svg\" xmlns:xlink=\"http:\/\/www.w3.org\/1999\/xlink\" id=\"star\" viewBox=\"0 0 1664 1896.0833\"><path d=\"M1664 647q0 22-26 48l-363 354 86 500q1 7 1 20 0 21-10.5 35.5T1321 1619q-19 0-40-12l-449-236-449 236q-22 12-40 12-21 0-31.5-14.5T301 1569q0-6 2-20l86-500L25 695Q0 668 0 647q0-37 56-46l502-73L783 73q19-41 49-41t49 41l225 455 502 73q56 9 56 46z\"><\/path><\/svg><\/span>                  <span class=\"h-divider__line style-768-line style-local-473-c15-line style-768-line style-local-473-c15-line\"><\/span><\/div>\n                <div data-colibri-id=\"473-c16\" class=\"h-text h-text-component style-769 style-local-473-c16 position-relative h-element\">\n                  <!---->\n                  <!---->\n                  <div class=\"\">\n                    <p>F\u00fcr Personen oder Sachsch\u00e4den, die nicht von dem Kursveranstalter und deren Trainer verursacht werden, ist jede Haftung ausgeschlossen. d.h., der Kunde haftet f\u00fcr die durch ihn verursachten Besch\u00e4digungen an Sachen oder R\u00e4umen des\n                      Kursveranstalters.<strong> <\/strong><span style=\"color: rgb(64, 85, 169); font-family: &quot;Open Sans&quot;; font-size: 16px;\"><br><\/span><\/p>\n                  <\/div>\n                <\/div>\n                <div data-colibri-id=\"473-c17\" class=\"h-divider style-771 style-local-473-c17 position-relative h-element\">\n                  <!----><span class=\"h-divider__line style-771-line style-local-473-c17-line style-771-line style-local-473-c17-line\"><\/span> <span class=\"h-svg-icon h-divider__icon style-771-icon style-local-473-c17-icon\"><!--Icon by Font Awesome (https:\/\/fontawesome.com)--><svg version=\"1.1\" xmlns=\"http:\/\/www.w3.org\/2000\/svg\" xmlns:xlink=\"http:\/\/www.w3.org\/1999\/xlink\" id=\"star\" viewBox=\"0 0 1664 1896.0833\"><path d=\"M1664 647q0 22-26 48l-363 354 86 500q1 7 1 20 0 21-10.5 35.5T1321 1619q-19 0-40-12l-449-236-449 236q-22 12-40 12-21 0-31.5-14.5T301 1569q0-6 2-20l86-500L25 695Q0 668 0 647q0-37 56-46l502-73L783 73q19-41 49-41t49 41l225 455 502 73q56 9 56 46z\"><\/path><\/svg><\/span>                  <span class=\"h-divider__line style-771-line style-local-473-c17-line style-771-line style-local-473-c17-line\"><\/span><\/div>\n                <div data-colibri-id=\"473-c18\" class=\"h-text h-text-component style-772 style-local-473-c18 position-relative h-element\">\n                  <!---->\n                  <!---->\n                  <div class=\"\">\n                    <p><span style=\"color: rgb(64, 85, 169); font-family: &quot;Open Sans&quot;; font-size: 16px;\">Der Kursveranstalter \u00fcbernimmt keine Haftung f\u00fcr Sch\u00e4den jeglicher Art im Tanzsaal, welche im Zusammenhang mit dem angebotenen Unterricht auftreten.<\/span><\/p>\n                  <\/div>\n                <\/div>\n                <div data-colibri-id=\"473-c19\" class=\"h-divider style-774 style-local-473-c19 position-relative h-element\">\n                  <!----><span class=\"h-divider__line style-774-line style-local-473-c19-line style-774-line style-local-473-c19-line\"><\/span> <span class=\"h-svg-icon h-divider__icon style-774-icon style-local-473-c19-icon\"><!--Icon by Font Awesome (https:\/\/fontawesome.com)--><svg version=\"1.1\" xmlns=\"http:\/\/www.w3.org\/2000\/svg\" xmlns:xlink=\"http:\/\/www.w3.org\/1999\/xlink\" id=\"star\" viewBox=\"0 0 1664 1896.0833\"><path d=\"M1664 647q0 22-26 48l-363 354 86 500q1 7 1 20 0 21-10.5 35.5T1321 1619q-19 0-40-12l-449-236-449 236q-22 12-40 12-21 0-31.5-14.5T301 1569q0-6 2-20l86-500L25 695Q0 668 0 647q0-37 56-46l502-73L783 73q19-41 49-41t49 41l225 455 502 73q56 9 56 46z\"><\/path><\/svg><\/span>                  <span class=\"h-divider__line style-774-line style-local-473-c19-line style-774-line style-local-473-c19-line\"><\/span><\/div>\n                <div data-colibri-id=\"473-c20\" class=\"h-text h-text-component style-984 style-local-473-c20 position-relative h-element\">\n                  <!---->\n                  <!---->\n                  <div class=\"\">\n                    <p>F\u00fcr Ihre Garderobe und mitgebrachte Gegenst\u00e4nde kann der Kursveranstalter keine Haftung \u00fcbernehmen. Wir empfehlen daher, Wertgegenst\u00e4nde niemals unbeaufsichtigt zu lassen.<\/p>\n                  <\/div>\n                <\/div>\n                <div data-colibri-id=\"473-c21\" class=\"h-divider style-986 style-local-473-c21 position-relative h-element\">\n                  <!----><span class=\"h-divider__line style-986-line style-local-473-c21-line style-986-line style-local-473-c21-line\"><\/span> <span class=\"h-svg-icon h-divider__icon style-986-icon style-local-473-c21-icon\"><!--Icon by Font Awesome (https:\/\/fontawesome.com)--><svg version=\"1.1\" xmlns=\"http:\/\/www.w3.org\/2000\/svg\" xmlns:xlink=\"http:\/\/www.w3.org\/1999\/xlink\" id=\"star\" viewBox=\"0 0 1664 1896.0833\"><path d=\"M1664 647q0 22-26 48l-363 354 86 500q1 7 1 20 0 21-10.5 35.5T1321 1619q-19 0-40-12l-449-236-449 236q-22 12-40 12-21 0-31.5-14.5T301 1569q0-6 2-20l86-500L25 695Q0 668 0 647q0-37 56-46l502-73L783 73q19-41 49-41t49 41l225 455 502 73q56 9 56 46z\"><\/path><\/svg><\/span>                  <span class=\"h-divider__line style-986-line style-local-473-c21-line style-986-line style-local-473-c21-line\"><\/span><\/div>\n                <div data-colibri-id=\"473-c22\" class=\"h-text h-text-component style-775 style-local-473-c22 position-relative h-element\">\n                  <!---->\n                  <!---->\n                  <div class=\"\">\n                    <p><span style=\"font-size: 16px; font-family: &quot;Open Sans&quot;; color: rgb(64, 85, 169);\">Der Vermieter und der Kursveranstalter \u00fcbernehmen keine Haftung f\u00fcr Sch\u00e4den jeglicher Art vor dem Beginn oder nach dem Ende des Unterrichts au\u00dferhalb des Tanzsaales. Vor Kursbeginn und nach Ende des Kurses obliegt die Aufsichtspflicht bei den Erziehungsberechtigten, welche verpflichtet sind die Kursteilnehmer zu Kursbeginn pers\u00f6nlich in den Tanzsaal zu begleiten und pers\u00f6nlich nach Kursende wieder vom Tanzsaal abzuholen.<\/span><\/p>\n                  <\/div>\n                <\/div>\n                <div data-colibri-id=\"473-c23\" class=\"h-divider style-777 style-local-473-c23 position-relative h-element\">\n                  <!----><span class=\"h-divider__line style-777-line style-local-473-c23-line style-777-line style-local-473-c23-line\"><\/span> <span class=\"h-svg-icon h-divider__icon style-777-icon style-local-473-c23-icon\"><!--Icon by Font Awesome (https:\/\/fontawesome.com)--><svg version=\"1.1\" xmlns=\"http:\/\/www.w3.org\/2000\/svg\" xmlns:xlink=\"http:\/\/www.w3.org\/1999\/xlink\" id=\"star\" viewBox=\"0 0 1664 1896.0833\"><path d=\"M1664 647q0 22-26 48l-363 354 86 500q1 7 1 20 0 21-10.5 35.5T1321 1619q-19 0-40-12l-449-236-449 236q-22 12-40 12-21 0-31.5-14.5T301 1569q0-6 2-20l86-500L25 695Q0 668 0 647q0-37 56-46l502-73L783 73q19-41 49-41t49 41l225 455 502 73q56 9 56 46z\"><\/path><\/svg><\/span>                  <span class=\"h-divider__line style-777-line style-local-473-c23-line style-777-line style-local-473-c23-line\"><\/span><\/div>\n                <div data-colibri-id=\"473-c24\" class=\"h-text h-text-component style-778 style-local-473-c24 position-relative h-element\">\n                  <!---->\n                  <!---->\n                  <div class=\"\">\n                    <p><span style=\"font-size: 16px; font-family: &quot;Open Sans&quot;; color: rgb(64, 85, 169);\">Der Kursteilnehmer ist nicht berechtigt Erlerntes wie Tanzschritte, Figuren oder Choreographien an Dritte weiter zu geben. Alle Choreographien stehen im Eigentum des Tanz- und Bewegungszentrums Claudia Tschuggnall.<\/span><\/p>\n                  <\/div>\n                <\/div>\n              <\/div>\n            <\/div>\n          <\/div>\n        <\/div>\n      <\/div>\n    <\/div>\n  <\/div>\n  <div data-colibri-component=\"section\" data-colibri-id=\"473-c25\" id=\"custom-2\" class=\"h-section h-section-global-spacing d-flex align-items-lg-center align-items-md-center align-items-center style-782 style-local-473-c25 position-relative\">\n    <!---->\n    <!---->\n    <div class=\"h-section-grid-container h-section-boxed-container\">\n      <!---->\n      <div data-colibri-id=\"473-c26\" class=\"h-row-container gutters-row-lg-2 gutters-row-md-2 gutters-row-0 gutters-row-v-lg-2 gutters-row-v-md-2 gutters-row-v-2 style-785 style-local-473-c26 position-relative\">\n        <!---->\n        <div class=\"h-row justify-content-lg-center justify-content-md-center justify-content-center align-items-lg-stretch align-items-md-stretch align-items-stretch gutters-col-lg-2 gutters-col-md-2 gutters-col-0 gutters-col-v-lg-2 gutters-col-v-md-2 gutters-col-v-2\">\n          <!---->\n          <div class=\"h-column h-column-container d-flex h-col-lg-auto h-col-md-auto h-col-auto style-786-outer style-local-473-c27-outer\">\n            <div data-colibri-id=\"473-c27\" class=\"d-flex h-flex-basis h-column__inner h-px-lg-2 h-px-md-2 h-px-2 v-inner-lg-2 v-inner-md-2 v-inner-2 style-786 style-local-473-c27 position-relative\">\n              <!---->\n              <!---->\n              <div class=\"w-100 h-y-container h-column__content h-column__v-align flex-basis-100 align-self-lg-start align-self-md-start align-self-start\">\n                <!---->\n                <div data-colibri-id=\"473-c28\" class=\"h-global-transition-all h-heading style-787 style-local-473-c28 position-relative h-element\">\n                  <!---->\n                  <div class=\"h-heading__outer style-787 style-local-473-c28\">\n                    <!---->\n                    <!---->\n                    <h3 class=\"\">Datenschutz<\/h3>\n                  <\/div>\n                <\/div>\n                <div data-colibri-id=\"473-c29\" class=\"h-text h-text-component style-801 style-local-473-c29 position-relative h-element\">\n                  <!---->\n                  <!---->\n                  <div class=\"\">\n                    <p>Wir erkl\u00e4ren die Einhaltung der gesetzlichen Bestimmungen zum Datenschutz. Kundendaten werden f\u00fcr die interne Verwendung elektronisch verarbeitet und gespeichert, vertraulich behandelt und nicht an Dritte weitergegeben.<\/p>\n                    <p>Insbesondere werden Daten ausschlie\u00dflich im Rahmen der Auftr\u00e4ge verwendet sowie Ma\u00dfnahmen zur Gew\u00e4hrleistung der Datensicherheit getroffen, indem sichergestellt wird, dass Daten ordnungsgem\u00e4\u00df verwendet und Unbefugten nicht zug\u00e4nglich\n                      gemacht werden. Auftraggeber, Dienstleister und Mitarbeiter sind zur Verschwiegenheit und Geheimhaltung der bekannt gegebenen Daten verpflichtet, soweit kein rechtlich zul\u00e4ssiger Grund f\u00fcr eine \u00dcbermittlung oder Offenlegung der anvertrauten\n                      oder zug\u00e4nglich gemachten Daten besteht.<\/p>\n                    <p>Ihnen stehen grunds\u00e4tzlich die Rechte auf Auskunft, Berichtigung, L\u00f6schung, Einschr\u00e4nkung, Daten\u00fcbertragbarkeit, Widerruf und Widerspruch zu. Wenn Sie glauben, dass die Verarbeitung Ihrer Daten gegen das Datenschutzrecht verst\u00f6\u00dft oder\n                      Ihre datenschutzrechtlichen Anspr\u00fcche sonst in einer Weise verletzt worden sind, k\u00f6nnen Sie sich bei der Aufsichtsbeh\u00f6rde beschweren. In \u00d6sterreich ist dies die Datenschutzbeh\u00f6rde. Datenschutzb\u00f6rde der Republik \u00d6sterreich \u2013 https:\/\/www.dsb.gv.at\/<\/p>\n                  <\/div>\n                <\/div>\n              <\/div>\n            <\/div>\n          <\/div>\n        <\/div>\n      <\/div>\n    <\/div>\n  <\/div>\n  <div data-colibri-component=\"section\" data-colibri-id=\"473-c30\" id=\"custom-3\" class=\"h-section h-section-global-spacing d-flex align-items-lg-center align-items-md-center align-items-center style-791 style-local-473-c30 position-relative\">\n    <!---->\n    <!---->\n    <div class=\"h-section-grid-container h-section-boxed-container\">\n      <!---->\n      <div data-colibri-id=\"473-c31\" class=\"h-row-container gutters-row-lg-2 gutters-row-md-2 gutters-row-0 gutters-row-v-lg-2 gutters-row-v-md-2 gutters-row-v-2 style-794 style-local-473-c31 position-relative\">\n        <!---->\n        <div class=\"h-row justify-content-lg-center justify-content-md-center justify-content-center align-items-lg-stretch align-items-md-stretch align-items-stretch gutters-col-lg-2 gutters-col-md-2 gutters-col-0 gutters-col-v-lg-2 gutters-col-v-md-2 gutters-col-v-2\">\n          <!---->\n          <div class=\"h-column h-column-container d-flex h-col-lg-auto h-col-md-auto h-col-auto style-795-outer style-local-473-c32-outer\">\n            <div data-colibri-id=\"473-c32\" class=\"d-flex h-flex-basis h-column__inner h-px-lg-2 h-px-md-2 h-px-2 v-inner-lg-2 v-inner-md-2 v-inner-2 style-795 style-local-473-c32 position-relative\">\n              <!---->\n              <!---->\n              <div class=\"w-100 h-y-container h-column__content h-column__v-align flex-basis-100 align-self-lg-start align-self-md-start align-self-start\">\n                <!---->\n                <div data-colibri-id=\"473-c33\" class=\"h-global-transition-all h-heading style-796 style-local-473-c33 position-relative h-element\">\n                  <!---->\n                  <div class=\"h-heading__outer style-796 style-local-473-c33\">\n                    <!---->\n                    <!---->\n                    <h3 class=\"\">Personenbezogene Daten<\/h3>\n                  <\/div>\n                <\/div>\n                <div data-colibri-id=\"473-c34\" class=\"h-text h-text-component style-797 style-local-473-c34 position-relative h-element\">\n                  <!---->\n                  <!---->\n                  <div class=\"\">\n                    <p>Personenbezogene Daten sind alle Informationen, die sich auf eine identifizierte oder identifizierbare nat\u00fcrliche Person beziehen. Nachfolgend geben wir Ihnen Beispiele von personenbezogenen Daten, die wir, sofern eine Rechtsgrundlage\n                      dazu besteht, im Rahmen Ihrer Nutzung unserer Produkte und Dienstleistungen erheben und verarbeiten:<\/p>\n                    <p>Name, Anrede, Geburtsdatum, Kontaktadresse(n), Telefonnummer, E-Mail-Adresse(n)<\/p>\n                  <\/div>\n                <\/div>\n              <\/div>\n            <\/div>\n          <\/div>\n        <\/div>\n      <\/div>\n    <\/div>\n  <\/div>\n<\/div>","protected":false},"excerpt":{"rendered":"<p>Allgemeine Gesch\u00e4ftsbedingungen (AGB) des Tanz- und Bewegungszentrums Claudia Tschuggnall Kursteilnehmer entrichten bei Vertragsabschluss den gesamten Kursbeitrag bezogen auf die jeweils g\u00fcltige Preisliste f\u00fcr 1 Semester Tanzunterricht im Voraus. Die einzelnen Unterrichtstunden finden 15x mal pro Semester statt und werden w\u00f6chentlich abgehalten. Sollte ein Kursteilnehmer an der Teilnahme verhindert sein, so besteht kein Anspruch auf R\u00fcckverg\u00fctung. [&hellip;]<\/p>\n","protected":false},"author":1,"featured_media":0,"parent":0,"menu_order":0,"comment_status":"closed","ping_status":"closed","template":"page-templates\/full-width-page.php","meta":{"footnotes":""},"_links":{"self":[{"href":"https:\/\/www.claudiatschuggnall.at\/tubz\/wp-json\/wp\/v2\/pages\/473"}],"collection":[{"href":"https:\/\/www.claudiatschuggnall.at\/tubz\/wp-json\/wp\/v2\/pages"}],"about":[{"href":"https:\/\/www.claudiatschuggnall.at\/tubz\/wp-json\/wp\/v2\/types\/page"}],"author":[{"embeddable":true,"href":"https:\/\/www.claudiatschuggnall.at\/tubz\/wp-json\/wp\/v2\/users\/1"}],"replies":[{"embeddable":true,"href":"https:\/\/www.claudiatschuggnall.at\/tubz\/wp-json\/wp\/v2\/comments?post=473"}],"version-history":[{"count":9,"href":"https:\/\/www.claudiatschuggnall.at\/tubz\/wp-json\/wp\/v2\/pages\/473\/revisions"}],"predecessor-version":[{"id":1856,"href":"https:\/\/www.claudiatschuggnall.at\/tubz\/wp-json\/wp\/v2\/pages\/473\/revisions\/1856"}],"wp:attachment":[{"href":"https:\/\/www.claudiatschuggnall.at\/tubz\/wp-json\/wp\/v2\/media?parent=473"}],"curies":[{"name":"wp","href":"https:\/\/api.w.org\/{rel}","templated":true}]}}